{"id":74,"date":"2013-04-02T09:11:48","date_gmt":"2013-04-02T09:11:48","guid":{"rendered":"http:\/\/heartographix.de\/?page_id=74"},"modified":"2024-03-13T21:47:54","modified_gmt":"2024-03-13T21:47:54","slug":"uber-mich","status":"publish","type":"page","link":"https:\/\/heartographix.de\/?page_id=74","title":{"rendered":"\u00dcber mich"},"content":{"rendered":"<p style=\"text-align: center;\"><strong><span style=\"color: #800000;\">T\u00e4tigkeiten<\/span><br \/>\n<\/strong><\/p>\n<p style=\"text-align: center;\"><strong>Lehrkraft an der Mittelschule Baiersdorf seit 09\/2018,<\/strong><\/p>\n<p style=\"text-align: center;\"><strong>Selbstst\u00e4ndige Geographin<\/strong> (Geoinformatik, Kartographie, Umweltgutachten f\u00fcr Gew\u00e4sser und Biotope, Umweltp\u00e4dagogik, Grafikdesign und Texte schreiben\/lesen\/redigieren von 2009 bis heute) .<\/p>\n<p style=\"text-align: center;\"><strong>Beendete T\u00e4tigkeiten<\/strong><\/p>\n<p style=\"text-align: center;\">Grundschullehrerin an der Humanistischen Grundschule F\u00fcrth (2\/2017- 08\/2018),<\/p>\n<p style=\"text-align: center;\">Sachbearbeiterin f\u00fcr Kartographie und das 3-D-Stadtmodell im Stadtplanungsamt der Stadt F\u00fcrth (7\/2014-9\/2018),<\/p>\n<p style=\"text-align: center;\">\n<p style=\"text-align: center;\"><span style=\"color: #800000;\"><strong>Qualifikationen<\/strong><\/span><\/p>\n<p style=\"text-align: center;\">2020 Zweites Staatsexamen f\u00fcr das Lehramt an Mittelschulen<\/p>\n<p style=\"text-align: center;\">2018 Sonderma\u00dfnahme des Kultusministeriums: Erstes Staatsexamen f\u00fcr das Lehramt an Mittelschulen in den F\u00e4chern Kunst und Sozialkunde<\/p>\n<p style=\"text-align: center;\">2009 Erreichen des Diplomgrads in den F\u00e4chern Geographie, Geologie und Biologie<\/p>\n<p style=\"text-align: center;\">2008 Staatsexamen f\u00fcr das Lehramt am Gymnasien in den F\u00e4chern Deutsch und Erdkunde<\/p>\n<p style=\"text-align: center;\">\n","protected":false},"excerpt":{"rendered":"<p>T\u00e4tigkeiten Lehrkraft an der Mittelschule Baiersdorf seit 09\/2018, Selbstst\u00e4ndige Geographin (Geoinformatik, Kartographie, Umweltgutachten f\u00fcr Gew\u00e4sser und Biotope, Umweltp\u00e4dagogik, Grafikdesign und Texte schreiben\/lesen\/redigieren von 2009 bis heute) . Beendete T\u00e4tigkeiten Grundschullehrerin an der Humanistischen Grundschule F\u00fcrth (2\/2017- 08\/2018), Sachbearbeiterin f\u00fcr Kartographie &hellip; <a class=\"more-link\" href=\"https:\/\/heartographix.de\/?page_id=74\">Weiterlesen <span class=\"meta-nav\">&rarr;<\/span><\/a><\/p>\n","protected":false},"author":1,"featured_media":0,"parent":0,"menu_order":0,"comment_status":"closed","ping_status":"closed","template":"","meta":[],"yoast_head":"<!-- This site is optimized with the Yoast SEO plugin v18.1 - https:\/\/yoast.com\/wordpress\/plugins\/seo\/ -->\n<meta name=\"robots\" content=\"index, follow, max-snippet:-1, max-image-preview:large, max-video-preview:-1\" \/>\n<link rel=\"canonical\" href=\"http:\/\/heartographix.de\/?page_id=74\" \/>\n<meta property=\"og:locale\" content=\"de_DE\" \/>\n<meta property=\"og:type\" content=\"article\" \/>\n<meta property=\"og:title\" content=\"Ausbildung\" \/>\n<meta property=\"og:description\" content=\"T\u00e4tigkeiten Lehrkraft an der Mittelschule Baiersdorf seit 09\/2018, Selbstst\u00e4ndige Geographin (Geoinformatik, Kartographie, Umweltgutachten f\u00fcr Gew\u00e4sser und Biotope, Umweltp\u00e4dagogik, Grafikdesign und Texte schreiben\/lesen\/redigieren von 2009 bis heute) . Beendete T\u00e4tigkeiten Grundschullehrerin an der Humanistischen Grundschule F\u00fcrth (2\/2017- 08\/2018), Sachbearbeiterin f\u00fcr Kartographie &hellip; Weiterlesen &rarr;\" \/>\n<meta property=\"og:url\" content=\"http:\/\/heartographix.de\/?page_id=74\" \/>\n<meta property=\"og:site_name\" content=\"Heartographix\" \/>\n<meta property=\"article:modified_time\" content=\"2024-03-13T21:47:54+00:00\" \/>\n<meta name=\"twitter:label1\" content=\"Gesch\u00e4tzte Lesezeit\" \/>\n\t<meta name=\"twitter:data1\" content=\"1\u00a0Minute\" \/>\n<script type=\"application\/ld+json\" class=\"yoast-schema-graph\">{\"@context\":\"https:\/\/schema.org\",\"@graph\":[{\"@type\":\"WebSite\",\"@id\":\"https:\/\/heartographix.de\/#website\",\"url\":\"https:\/\/heartographix.de\/\",\"name\":\"Heartographix\",\"description\":\"Geographiken, Umweltgutachten &amp; Textgestaltung\",\"potentialAction\":[{\"@type\":\"SearchAction\",\"target\":{\"@type\":\"EntryPoint\",\"urlTemplate\":\"https:\/\/heartographix.de\/?s={search_term_string}\"},\"query-input\":\"required name=search_term_string\"}],\"inLanguage\":\"de\"},{\"@type\":\"WebPage\",\"@id\":\"http:\/\/heartographix.de\/?page_id=74#webpage\",\"url\":\"http:\/\/heartographix.de\/?page_id=74\",\"name\":\"Ausbildung\",\"isPartOf\":{\"@id\":\"https:\/\/heartographix.de\/#website\"},\"datePublished\":\"2013-04-02T09:11:48+00:00\",\"dateModified\":\"2024-03-13T21:47:54+00:00\",\"breadcrumb\":{\"@id\":\"http:\/\/heartographix.de\/?page_id=74#breadcrumb\"},\"inLanguage\":\"de\",\"potentialAction\":[{\"@type\":\"ReadAction\",\"target\":[\"http:\/\/heartographix.de\/?page_id=74\"]}]},{\"@type\":\"BreadcrumbList\",\"@id\":\"http:\/\/heartographix.de\/?page_id=74#breadcrumb\",\"itemListElement\":[{\"@type\":\"ListItem\",\"position\":1,\"name\":\"\u00dcber mich\"}]}]}<\/script>\n<!-- \/ Yoast SEO plugin. -->","yoast_head_json":{"robots":{"index":"index","follow":"follow","max-snippet":"max-snippet:-1","max-image-preview":"max-image-preview:large","max-video-preview":"max-video-preview:-1"},"canonical":"http:\/\/heartographix.de\/?page_id=74","og_locale":"de_DE","og_type":"article","og_title":"Ausbildung","og_description":"T\u00e4tigkeiten Lehrkraft an der Mittelschule Baiersdorf seit 09\/2018, Selbstst\u00e4ndige Geographin (Geoinformatik, Kartographie, Umweltgutachten f\u00fcr Gew\u00e4sser und Biotope, Umweltp\u00e4dagogik, Grafikdesign und Texte schreiben\/lesen\/redigieren von 2009 bis heute) . Beendete T\u00e4tigkeiten Grundschullehrerin an der Humanistischen Grundschule F\u00fcrth (2\/2017- 08\/2018), Sachbearbeiterin f\u00fcr Kartographie &hellip; Weiterlesen &rarr;","og_url":"http:\/\/heartographix.de\/?page_id=74","og_site_name":"Heartographix","article_modified_time":"2024-03-13T21:47:54+00:00","twitter_misc":{"Gesch\u00e4tzte Lesezeit":"1\u00a0Minute"},"schema":{"@context":"https:\/\/schema.org","@graph":[{"@type":"WebSite","@id":"https:\/\/heartographix.de\/#website","url":"https:\/\/heartographix.de\/","name":"Heartographix","description":"Geographiken, Umweltgutachten &amp; Textgestaltung","potentialAction":[{"@type":"SearchAction","target":{"@type":"EntryPoint","urlTemplate":"https:\/\/heartographix.de\/?s={search_term_string}"},"query-input":"required name=search_term_string"}],"inLanguage":"de"},{"@type":"WebPage","@id":"http:\/\/heartographix.de\/?page_id=74#webpage","url":"http:\/\/heartographix.de\/?page_id=74","name":"Ausbildung","isPartOf":{"@id":"https:\/\/heartographix.de\/#website"},"datePublished":"2013-04-02T09:11:48+00:00","dateModified":"2024-03-13T21:47:54+00:00","breadcrumb":{"@id":"http:\/\/heartographix.de\/?page_id=74#breadcrumb"},"inLanguage":"de","potentialAction":[{"@type":"ReadAction","target":["http:\/\/heartographix.de\/?page_id=74"]}]},{"@type":"BreadcrumbList","@id":"http:\/\/heartographix.de\/?page_id=74#breadcrumb","itemListElement":[{"@type":"ListItem","position":1,"name":"\u00dcber mich"}]}]}},"_links":{"self":[{"href":"https:\/\/heartographix.de\/index.php?rest_route=\/wp\/v2\/pages\/74"}],"collection":[{"href":"https:\/\/heartographix.de\/index.php?rest_route=\/wp\/v2\/pages"}],"about":[{"href":"https:\/\/heartographix.de\/index.php?rest_route=\/wp\/v2\/types\/page"}],"author":[{"embeddable":true,"href":"https:\/\/heartographix.de\/index.php?rest_route=\/wp\/v2\/users\/1"}],"replies":[{"embeddable":true,"href":"https:\/\/heartographix.de\/index.php?rest_route=%2Fwp%2Fv2%2Fcomments&post=74"}],"version-history":[{"count":34,"href":"https:\/\/heartographix.de\/index.php?rest_route=\/wp\/v2\/pages\/74\/revisions"}],"predecessor-version":[{"id":287,"href":"https:\/\/heartographix.de\/index.php?rest_route=\/wp\/v2\/pages\/74\/revisions\/287"}],"wp:attachment":[{"href":"https:\/\/heartographix.de\/index.php?rest_route=%2Fwp%2Fv2%2Fmedia&parent=74"}],"curies":[{"name":"wp","href":"https:\/\/api.w.org\/{rel}","templated":true}]}}