{"id":24,"date":"2013-03-01T06:47:37","date_gmt":"2013-03-01T06:47:37","guid":{"rendered":"http:\/\/heartographix.de\/?page_id=24"},"modified":"2025-09-12T13:55:20","modified_gmt":"2025-09-12T13:55:20","slug":"referenzen","status":"publish","type":"page","link":"https:\/\/heartographix.de\/?page_id=24","title":{"rendered":"Projekte"},"content":{"rendered":"\n<p><strong>Aktuelles<\/strong><\/p>\n\n\n\n<ul><li>Referentin im <strong>Workshop \u201eZukunft gestalten mit Wandelmut\u201c<\/strong> der <strong>Teachers for Future Germany<\/strong> auf dem R\u00fcbezahl-Festival in Emskirchen am 16. August 2025.<\/li><li>Referentin f\u00fcr den <strong><a href=\"https:\/\/klimawandel-schule.de\/de\/der-lmu-klimakoffer\">LMU-Klimakoffer<\/a><\/strong> in Gars am Inn der <strong>Akademie f\u00fcr Lehrerfortbildung und Personalf\u00fchrung<\/strong> in Dillingen, August 2025.<\/li><li>Mitglied im <strong>Organisationsteam<\/strong> der <strong><a href=\"https:\/\/klimabuchmesse.de\/\">Klimabuchmesse<\/a> <\/strong>2025 in Leipzig (Koordination des <strong>Schulprogramm<\/strong> und Moderation des Lehrkr\u00e4fte-Workshops &#8222;Zukunft gestalten mit Wandelmut in der Schule&#8220;)  <\/li><li>Erstellung von <strong>Begleitmaterial<\/strong> f\u00fcr Teamende und Lehrkr\u00e4fte zur Durchf\u00fchrung der Ausstellung &#8222;<strong><a href=\"https:\/\/www.fes.de\/gegen-rex\" data-type=\"URL\" data-id=\"https:\/\/www.fes.de\/gegen-rex\">Demokratie sch\u00fctzen &#8211; Rechtsextremismus bek\u00e4mpfen<\/a><\/strong>&#8220; der Friedrich-Ebert-Stiftung Bayern (August 2024).<\/li><li><strong><a href=\"https:\/\/youtu.be\/9A2fkxjkAZE?feature=shared\">&#8222;KI trifft Schule&#8220;<\/a> <\/strong>&#8211; Mitproduzentin einer Folge der YouTube-Reihe der Teachers for Future Germany (Juni 2024)<\/li><li>Mitglied im <strong>Organisationsteam<\/strong> der <strong><a href=\"https:\/\/klimabuchmesse.de\/\">Klimabuchmesse<\/a> <\/strong>Leipzig 2024, hierbei im Speziellen zust\u00e4ndig f\u00fcr das <strong>Schulprogramm<\/strong>  und die Erstellung von p\u00e4dagogischem Begleitmaterial zu zwei pr\u00e4sentierten Schullekt\u00fcren mit BNE-Bezug ( Sequenzplanungen, Unterrichtsentw\u00fcrfe, Methodenvorschl\u00e4ge und Arbeitsbl\u00e4tter).<\/li><li>Organisation des <a href=\"https:\/\/schule.scientists4future.org\/programm2022\/\"><strong>Klima in der Schule Symposium<\/strong><\/a> (KISS) der Teachers und Scientists for Future, M\u00e4rz 2024.<\/li><li><strong>4. Preis<\/strong> beim <strong>Sch\u00fclerwettbewerb der Bundeszentrale f\u00fcr politische Bildung<\/strong> f\u00fcr meine 8. Klasse der Mittelschule Baiersdorf f\u00fcr den Podcast &#8222;Stimmen mit Vielfalt&#8220; zum Thema &#8222;Ziviler Ungehorsam f\u00fcr den Klimaschutz &#8211; Wie weit darf Protest gehen?&#8220;<\/li><li>Organisation der Ausstellung &#8222;Demokratie sch\u00fctzen &#8211; Rechtsextremismus bek\u00e4mpfen&#8220; an der <a href=\"https:\/\/www.br.de\/nachrichten\/bayern\/schueler-haben-angst-dann-werden-wir-halt-alle-abgeschoben,U2xDLSa\" data-type=\"URL\" data-id=\"https:\/\/www.br.de\/nachrichten\/bayern\/schueler-haben-angst-dann-werden-wir-halt-alle-abgeschoben,U2xDLSa\">MSB<\/a> im Februar 2024<\/li><li><strong>2. Vorsitzende <\/strong>des<strong> <a href=\"https:\/\/mittelfranken.bllv.de\/kreisverbaende\/erlangen-oberland\/\">BLLV-Kreisverbands Erlangen Oberland<\/a><\/strong> seit April 2024.<\/li><\/ul>\n\n\n\n<p><strong>Klimaschutz<\/strong><\/p>\n\n\n\n<ul><li>Organisation der <strong>Klimabuchmesse seit 2022<\/strong> in Leipzig (dabei z.B. Moderation eines Gespr\u00e4chs mit Peter Wohlleben im Rahmen des Wissenschaftsprogramms der Messe, Erstellung von Unterrichtsmaterial f\u00fcr das Schulprogramm und Betreuung von Autor*innen) <\/li><li>Verantwortliche f\u00fcr den Raum Erlangen\/Forchheim beim Projekt &#8222;Aufb\u00e4umen&#8220; (<a href=\"https:\/\/treeplantingprojects.com\/\"><strong>TreePlantingProject<\/strong><\/a>)<\/li><li>Bayern-Sprecherin von 2023 bis 2025 und Vertretung der Teachers for Future Germany e.V. beim <a href=\"https:\/\/teachersforfuture.org\/2022\/07\/22\/pakt-fuer-bne-in-bayern\/\"><strong>Pakt f\u00fcr BNE Bayern <\/strong><\/a>, 2022<\/li><li>Erstellung von Unterrichtsmaterialien f\u00fcr die digitale <a href=\"https:\/\/schoolsforfuture.net\/de\/accounts\/register\/project\/caw\/\"><strong>Aktionswoche KLIMA<\/strong><\/a>, 2021<\/li><\/ul>\n\n\n\n<p><b>Umweltp\u00e4dagogik<\/b><\/p>\n\n\n\n<ul><li><strong>Naturf\u00fchrungen<\/strong> f\u00fcr Kinder Ende M\u00e4rz\/Anfang April: &#8222;Naturdetektive: Amsel, Fledermaus und Fr\u00fchbl\u00fcher \u2013 auf der Suche nach dem Fr\u00fchling&#8220; (Dauer 1,5-2 h im Rahmen von <a href=\"https:\/\/www.tournatur.bayern.de\/\">BayernTourNatur<\/a>)<\/li><li>Ehrenamtlicher <strong>Feuerworkshop<\/strong> im Katholischen Kindergarten St. Marien im M\u00e4rz 2019.<\/li><\/ul>\n\n\n\n<p><b>Bereich Umweltgutachten, Kartierungen und GIS<\/b><\/p>\n\n\n\n<ul><li><strong>Kartenerstellung<\/strong> f\u00fcr verschiedene <strong>Regionalm\u00e4rkte<\/strong> seit 2021 (z.B. Bubenreuther, Gremsdorfer und H\u00f6chst\u00e4dter Tr\u00f6delmarkt)<\/li><li><strong>\u00d6kologische Ressourcenanalyse (\u00d6RA) Spielbach-Schrozberg<\/strong>: <strong>Gutachterliche T\u00e4tigkeiten (Gew\u00e4sserstrukturbewertung), Geodatenaufbereitung und Kartenerstellung<\/strong>, f\u00fcr: Agentur und Naturschutzb\u00fcro Blachnik, N\u00fcrnberg, (Auftraggeber: Flurneuordnungsbeh\u00f6rde Main-Tauber-Kreis, vertreten durch das Landesamt f\u00fcr Geoinformation und Landesentwicklung: Stuttgart), 2018<\/li><li>AUK-Repr\u00e4sentative Gr\u00fcnlanduntersuchungen Sachsen Los 1, <strong>Gutachterliche T\u00e4tigkeiten: Wiesenkartierung<\/strong>, f\u00fcr: Arge Andreas Barthel \/ Thomas Blachnik, c\/o Agentur und Naturschutzb\u00fcro Blachnik, N\u00fcrnberg (Auftraggeber: Freistaat Sachsen \/ Landesamt f\u00fcr Umwelt, Landwirtschaft und Geologie, Freiberg), 2017.<\/li><li>&#8222;\u00d6kologische Ressourcenanalyse (\u00d6RA) Gro\u00dfrindersfeld (Wald)&#8220;, <strong>Gutachterliche T\u00e4tigkeit: Gew\u00e4sserstrukturbewertung, Geodatenaufbereitung und Kartenerstellung<\/strong>, f\u00fcr: Agentur und Naturschutzb\u00fcro Blachnik, N\u00fcrnberg, (Auftraggeber: Flurneuordnungsbeh\u00f6rde Main-Tauber-Kreis, vertreten durch das Landesamt f\u00fcr Geoinformation und Landesentwicklung: Stuttgart), 2016.<\/li><li><strong>Kartierung und Bewertung der Gew\u00e4sserstruktur sowie der Durchg\u00e4ngigkeit von Querbauwerken in Flie\u00dfgew\u00e4ssern<\/strong> im Winter 2016 (Projektbereich 5: N\u00f6rdliches Franken, insbesondere Hassberge) im Rahmen der Gew\u00e4sserstrukturkartierung des Bayerischen Landesamts f\u00fcr Umwelt (nach dem aktuellen Kartierungsschl\u00fcssel 2015\/2016) f\u00fcr: Die Gew\u00e4sser-Experten, Lohmar (Bearbeitung von \u00fcber 50 km);<\/li><li>Kartierung und Bewertung der Gew\u00e4sserstruktur sowie der Durchg\u00e4ngigkeit von Querbauwerken in Flie\u00dfgew\u00e4ssern im Sommer 2015 (Projektbereich 2: Alpen und Voralpenland) und Winter 2015\/2016 (Projektbereich 3: N\u00f6rdlich der Donau\/v.a. FGL des Terti\u00e4ren H\u00fcgellandes und des Lias und des Doggers) im Rahmen der Gew\u00e4sserstrukturkartierung des Bayerischen Landesamts f\u00fcr Umwelt (nach dem aktuellen Kartierungsschl\u00fcssel 2015\/2016) f\u00fcr: Die Gew\u00e4sser-Experten, Lohmar (Bearbeitung von \u00fcber 100 km);<\/li><li>Projekt &#8222;Erhaltung artenreicher Wiesen&#8220; (Gr\u00fcnlanderfassung und -bewertung) in Pegnitz, Geoinformatik, Kartographie und Layout der Pr\u00e4sentationen, f\u00fcr: Agentur und Naturschutzb\u00fcro Blachnik, N\u00fcrnberg, 2014;<\/li><li>&#8222;Revitalisierung und Wiedernutzung von <em>Arnica montana<\/em> im Bayerischen Vogtland und n\u00f6rdlichem Fichtelgebirge&#8220;, Kartographie f\u00fcr Pr\u00e4sentationen des Projektes, f\u00fcr: Agentur und Naturschutzb\u00fcro Blachnik, N\u00fcrnberg 2014;<\/li><li>\u201e\u00d6kologische Voruntersuchung f\u00fcr das Flurneuordnungsverfahren Nr. 3506 Riesb\u00fcrg-Goldburghausen\u201c, Geodatenbankerstellung und GIS-Datenbetreuung, f\u00fcr: Agentur und Naturschutzb\u00fcro Blachnik, N\u00fcrnberg, 2013;<\/li><li>\u201eKartierung des Donau-Los\u201c im Rahmen der EU-Studie\/FFH-Vertr\u00e4glichkeitsstudie, Geodatenbankerstellung und GIS-Betreuung des Teilgebiets 10, f\u00fcr: Agentur und Naturschutzb\u00fcro Blachnik, N\u00fcrnberg,2011\/2012;<\/li><li>&#8222;Biotopkartierung Neustadt an der Waldnaab und Passaus 2009\/2010&#8220;, Mitarbeit bei Kartierung, Attributierung und Auswertung der Naturr\u00e4umlichen Ausstattung, f\u00fcr: Planungsb\u00fcro Stadt-Land, N\u00fcrnberg, 2008 (hierbei eigenst\u00e4ndige Zusatzkartierung und Biotopbewertung f\u00fcr die Diplomarbeit \u201cVer\u00e4nderungen der Flora und Vegetation im Stadtgebiet von Passau &#8211; ein Vergleich der LfU-Kartierungen von 1989 und 2009\u201c);<\/li><li>Mitarbeit im Vogelschutzgebiet Rieselfelder M\u00fcnster, hierbei Kartierung und Geodatenverarbeitung des Streuobstbaumbestandes, sowie Mitarbeit bei Umweltbildungskursen und im Bereich \u00d6ffentlichkeitsarbeit der Biologischen Station im Sommer 2005;<\/li><\/ul>\n\n\n\n<p><b>Bereich Kartographie &amp; Geoillustration<\/b><\/p>\n\n\n\n<ul><li>Sharepics-Erstellung f\u00fcr die digitale Klimabuchmesse 2021<\/li><li>ehrenamtliche Erstellung einer Gewerbe\/Dienstleistungsanbieter-Karte w\u00e4hrend des Corona-Lockdowns f\u00fcr die Gemeinde Bubenreuth 2020<\/li><li>Kartenerstellung f\u00fcr den j\u00e4hrlichen H\u00f6chst\u00e4dter Garagenflohmarkt (seit 2014)<\/li><li>Ver\u00f6ffentlichung des Amtlichen Stadtplans der Stadt F\u00fcrth im Januar anl\u00e4sslich des Stadtgeburtstagsjahres 2018. Im Zuge meiner T\u00e4tigkeit als Sachbearbeiterin im Stadtplanungsamt erstellte ich den 3-D-Innenstadtplan aus dem 3-D-Stadtmodell und gestaltete das neue Kartendesign des Innenstadtplans.<\/li><li>Grundrisse und \u00dcberblickskarten \u00fcber das Wrack der Haven bei Genua, f\u00fcr der Buch &#8222;Haven&#8220; von Nina Zschiesche\/Zeisig-Verlag, 2016\/2017.<\/li><li>Mitarbeit bei der Erstellung des Gr\u00fcnfl\u00e4chenmanagement-Geoservers und der Kartenansicht f\u00fcr: Garten- und Landschaftsgestaltungsbetrieb Rosigkeit Gr\u00fcn, Erlangen (2015\/2016);<\/li><li>Illustrationen der Ein- und Auspendlerdaten des Landesamtes f\u00fcr Statistik von Bayern von 2014 f\u00fcr den Landkreis Kulmbach auf Gemeindebasis im Rahmen des Demographieberichts&nbsp; bzw. zur Mobilit\u00e4t im L\u00e4ndlichen Raum, 2015;<\/li><li>Wanderkarten- und Reisebuchkartenerstellung f\u00fcr den Michael-M\u00fcller-Verlag f\u00fcr Individualreiseb\u00fccher (z. B. Reisebuch Sizilien, Wanderf\u00fchrer Piemont, Allg\u00e4u, Teneriffa u.v.a.; 2008-2016);<\/li><li>Illustration \u201e\u00dcberwindet Europa Grenzen\u201c : 4. Platz beim Illustrationswettbewerb \u201eCopernicus Masters 2015\u201c der European Space Agency (ESA) und der Zeitschrift GEO, 2015 (Link siehe unten);<\/li><li>Illustration \u201eDrafted free Lands\u201c : 5. Platz (unter \u00fcber 300 Bewerbern) beim Illustrationswettbewerb \u201eCopernicus Masters 2013\u201c der European Space Agency (ESA) und der Zeitschrift GEO und damit Ver\u00f6ffentlichung im limitierten Kalender der ESA, 2014;<\/li><li>Zusammenarbeit mit der Agentur Lindner Werbemittel zur Erstellung eines Werbeplakatkalenders mit individualisierbarer Deutschlandkarte (als Anfahrtsplan), 2013\/2014;<\/li><li>Unterwasserkartierung und Erstellen eines 3D-Modells des \u00f6sterreichischen Vorderen Gosausees f\u00fcr den Tauchclub Dachstein Salzkammergut, 2012\/2013;<\/li><li>Unterwasserkartierung und Erstellung eines 3D-Modells der Bucht von Tamariu (Spanien) f\u00fcr das Tauchcenter Stolli, 2012;<\/li><li>Kartendesign f\u00fcr den \u201eTauchFinder Deutschland &#8211; Entdeckungen unter Wasser\u201c von A. Petry und K. T. Tegge, 2012;<\/li><li>Kartendesigns f\u00fcr die Zeitschrift des Verbands Deutscher Sporttaucher (z. B. M\u00e4rz\/April 2010, September\/Oktober 2010, September\/Oktober 2011) sowie die Zeitschrift Unterwasser (Ausgabe 9\/2013);<\/li><li>Kartendesign f\u00fcr den Tauchsafarif\u00fchrer von L. Geschke \u201eMitten im Blau\u201c, 2011;<\/li><li>Kartendesigns f\u00fcr das Planungsb\u00fcro Stadt-Land von H. Targan, N\u00fcrnberg (z. B. f\u00fcr die BayLfU-Biotopkartierung Neustadt a.d. Waldnaab und Passau), 2009;<\/li><\/ul>\n\n\n\n<p>Verlinkte Karten\/Illustrationsbeispiele:<\/p>\n\n\n\n<ul><li><a rel=\"noreferrer noopener\" href=\"https:\/\/zeisig-verlag.de\/wp-content\/uploads\/2025\/05\/Leseprobe-Zahlen-und-Fakten.pdf\" target=\"_blank\">Querschnitt (rekonstruierter Originalplan) der untergegangenen &#8222;Haven&#8220;<\/a><a title=\"GEO- ESA Illustration Challenge\" rel=\"noopener noreferrer\" href=\"http:\/\/zeisig-verlag.de\/wp-content\/uploads\/2017\/03\/Leseprobe-Zahlen-und-Fakten.pdf\" target=\"_blank\">\u00a0 <\/a><\/li><li><a title=\"GEO- ESA Illustration Challenge\" rel=\"noopener noreferrer\" href=\"http:\/\/www.geo.de\/GEO\/natur\/kosmos\/esa-illustration-challenge-2015-die-beliebtesten-bilder-des-wettbewerbs-81353.html?image=44orttaucher.html?eventMonth=&amp;menu1=74&amp;menu2=58#c3729\" target=\"_blank\">4.Platz beim Europea-Space-Agency-Illustrationswettbwerb mitausgerichtet von der Zeitschrift GEO zum Thema &#8222;Transcending Borders &#8211; and Changing the Earth&#8217;s Image&#8220; <\/a><\/li><li><a title=\"Piemont Wanderf\u00fchrer\" rel=\"noopener noreferrer\" href=\"http:\/\/www.amazon.de\/Piemont-Wanderf%C3%BChrer-GPS-Daten-Sabine-Bade\/dp\/3899535669#reader_3899535669\" target=\"_blank\">GPS-gest\u00fctzte Wanderung im MichaelM\u00fcller-Design (auf &#8222;Blick ins Buch&#8220; klicken, S. 39) <\/a><\/li><li><a title=\"TauchFinder Deutschland\" href=\"http:\/\/www.amazon.de\/TauchFinder-Deutschland-250-Tauchspots-%C3%9Cberblick\/dp\/3837058743\/ref=sr_1_1?ie=UTF8&amp;qid=1375797959&amp;sr=8-1&amp;keywords=tauchfinder+deutschland#reader_3837058743\">Tauchpl\u00e4tze in Deutschland (TauchFinder Deutschland &#8211; Entdeckungen unter Wasser; auf &#8222;Blick ins Buch&#8220; klicken, S. 4\/5)<\/a><\/li><li><a title=\"Drafted free lands\/Wettbewerbsbeitrag I. Holndonner\" href=\"http:\/\/www.geo.de\/GEO\/natur\/oekologie\/geo-wettbewerb-der-fussabdruck-der-menschheit-76393.html?image=6\">5. Platz (von \u00fcber 300 Bewerbern) beim Illustrationswettbewerb Copernicus Masters der European Space Agency und der Zeitschrift GEO zum Thema &#8222;Traces of Mankind\/Der Fu\u00dfabdruck der Menschheit&#8220;.\u00a0<\/a><\/li><li><a rel=\"noreferrer noopener\" href=\"http:\/\/www.vdst.de\/info-mediathek\/der-sporttaucher.html?eventMonth=&amp;menu1=74&amp;menu2=58#c3729\" target=\"_blank\">VDST Dive Center in \u00c4gypten (im Magazin &#8222;Der Sporttaucher&#8220;, Mai\/Juni 2013, S.14)<\/a><\/li><\/ul>\n\n\n\n<p><b>Bereich Journalismus, Wissenschaftliche Ver\u00f6ffentlichungen &amp; Deutsch<br><\/b><\/p>\n\n\n\n<ul><li>Deutschunterricht f\u00fcr minderj\u00e4hrige unbegleitete Fl\u00fcchtlinge f\u00fcr den Verein Step e.V. in Erlangen von November 2015 bis Februar 2016 (Stufe A1-Stufe A2).<\/li><li>Artikelver\u00f6ffentlichung &#8222;Open Sea Map &#8211; eine Seekarte f\u00fcr jeden Taucher&#8220;, Ausgabe 3\/2014 der Zeitschrift &#8222;Unterwasser&#8220;.<\/li><li>&#8222;Abseits der Massen&#8220; Bericht \u00fcber die Costa Brava als Tauchgebiet f\u00fcr den \u201eSporttaucher\u201c des Vereins deutscher Sporttaucher (VDST Deutschland), 2012;<\/li><li>I. Holndonner: Neophyten, Walnuss, Dobel: Ver\u00e4nderungen der Flora und Vegetation im Stadtgebiet von Passau zwischen 1989 und 2009, in: G. Glasze (Hrsg.):&nbsp; Mitteilungen der Fr\u00e4nkisch Geographischen Gesellschaft, Erlangen, 2013, S. 323-346.<\/li><li>Burghard, Holndonner, Jordan, Schloyer, Stolzenberger (Hrsg.): Blumenfresser &#8211; Literaturmagazin, Ausgabe 2 &amp; 3, N\u00fcrnberg, 2011\/2012 .<\/li><li>Redakteurin bei der monatlich erscheinenden Umweltzeitung \u201eDer Rabe Ralf\u201c der Gr\u00fcnen Liga Berlin, M\u00e4rz und April 2005<\/li><\/ul>\n\n\n\n<p><b>Fortbildungen\/ Zertifizierungen<\/b><\/p>\n\n\n\n<ul><li>&#8222;Feuerp\u00e4dagogik&#8220;- Fortbildung (Grundkurs Feuermachen Kulturell von Kain Karawahn), finanziert vom Humanistischen Verband Bayern, Februar 2018.<\/li><li>Lehrgang \u201eErfolgreich in die Natur f\u00fchren. Exkursionsdidaktik-Fortbildung f\u00fcr <span class=\"il\">BayernTourNatur<\/span>-F\u00fchrer\u201c, Bayerische Akademie f\u00fcr Naturschutz und Landschaftspflege\/ANL, Juli 2017;<\/li><li>Fortbildung &#8222;Anwendung der Biotopwertliste im Rahmen der Bayerischen Kompensationsverordnung&#8220;, ANL, Mai 2017.<\/li><li>&#8222;Zertifizierung zum Feldbotaniker&#8220; (bereits durchgef\u00fchrt im Oktober 2016: Module 5 &#8211; W\u00e4der und Geh\u00f6lzbest\u00e4nde) der Umweltakademie Baden-W\u00fcrtemberg und&nbsp;Institut f\u00fcr Botanik und Landschaftskunde (IBL) Karlsruhe, 2016.<\/li><li>&#8222;Webmapping mit GeoServer&#8220;, &#8222;Einf\u00fchrung in PostGreSQL\/PostGIS&#8220;, Gis-Trainer.de, Berlin September 2015 und M\u00e4rz 2016.<\/li><li>&#8222;Fachgerechte Baumpflege&#8220; (Baumpflanzung, Baumkontrolle, Kronenschnittma\u00dfnahmen, ZTV-Baumpflege, Kronensicherungssysteme, Wundbehandlung, Baumschutz), N\u00fcrnberger Schule, M\u00e4rz 2015.<\/li><li>&#8222;Umweltpr\u00fcfung in der Bauleitplanung&#8220; (Screening und Scoping, Vereinfachtes und beschleunigtes Verfahren, Abschichtung, Bereitstellung und Bewertung von Daten, Verkn\u00fcpfung von Pr\u00fcfungen, Bedeutung von Landschaftspl\u00e4nen, Umweltauswirkungen von Pl\u00e4nen, Ma\u00dfnahmen zur Vermeidung von Beeintr\u00e4chtigungen, Abw\u00e4gungen, Aktuelle Rechtsprechung), Institut Fortbildung Bau der Architektenkammer Baden-W\u00fcrttemberg, Stuttgart, Februar 2015.<\/li><li>&#8222;ArcGIS for Desktop Basic 10.2 &#8211; Editieren&#8220;, GI-Geoinformatik, Februar 2015.<\/li><\/ul>\n","protected":false},"excerpt":{"rendered":"<p>Aktuelles Referentin im Workshop \u201eZukunft gestalten mit Wandelmut\u201c der Teachers for Future Germany auf dem R\u00fcbezahl-Festival in Emskirchen am 16. August 2025. Referentin f\u00fcr den LMU-Klimakoffer in Gars am Inn der Akademie f\u00fcr Lehrerfortbildung und Personalf\u00fchrung in Dillingen, August 2025. &hellip; <a class=\"more-link\" href=\"https:\/\/heartographix.de\/?page_id=24\">Weiterlesen <span class=\"meta-nav\">&rarr;<\/span><\/a><\/p>\n","protected":false},"author":1,"featured_media":0,"parent":0,"menu_order":2,"comment_status":"closed","ping_status":"closed","template":"","meta":[],"yoast_head":"<!-- This site is optimized with the Yoast SEO plugin v18.1 - https:\/\/yoast.com\/wordpress\/plugins\/seo\/ -->\n<meta name=\"description\" content=\"Referenzen aus den Bereichen Umweltplanung, Kartographie und Journalismus.\" \/>\n<meta name=\"robots\" content=\"index, follow, max-snippet:-1, max-image-preview:large, max-video-preview:-1\" \/>\n<link rel=\"canonical\" href=\"https:\/\/heartographix.de\/?page_id=24\" \/>\n<meta property=\"og:locale\" content=\"de_DE\" \/>\n<meta property=\"og:type\" content=\"article\" \/>\n<meta property=\"og:title\" content=\"Referenzen\" \/>\n<meta property=\"og:description\" content=\"Referenzen aus den Bereichen Umweltplanung, Kartographie und Journalismus.\" \/>\n<meta property=\"og:url\" content=\"https:\/\/heartographix.de\/?page_id=24\" \/>\n<meta property=\"og:site_name\" content=\"Heartographix\" \/>\n<meta property=\"article:modified_time\" content=\"2025-09-12T13:55:20+00:00\" \/>\n<meta name=\"twitter:label1\" content=\"Gesch\u00e4tzte Lesezeit\" \/>\n\t<meta name=\"twitter:data1\" content=\"7\u00a0Minuten\" \/>\n<script type=\"application\/ld+json\" class=\"yoast-schema-graph\">{\"@context\":\"https:\/\/schema.org\",\"@graph\":[{\"@type\":\"WebSite\",\"@id\":\"https:\/\/heartographix.de\/#website\",\"url\":\"https:\/\/heartographix.de\/\",\"name\":\"Heartographix\",\"description\":\"Geographiken, Umweltgutachten &amp; Textgestaltung\",\"potentialAction\":[{\"@type\":\"SearchAction\",\"target\":{\"@type\":\"EntryPoint\",\"urlTemplate\":\"https:\/\/heartographix.de\/?s={search_term_string}\"},\"query-input\":\"required name=search_term_string\"}],\"inLanguage\":\"de\"},{\"@type\":\"WebPage\",\"@id\":\"https:\/\/heartographix.de\/?page_id=24#webpage\",\"url\":\"https:\/\/heartographix.de\/?page_id=24\",\"name\":\"Referenzen\",\"isPartOf\":{\"@id\":\"https:\/\/heartographix.de\/#website\"},\"datePublished\":\"2013-03-01T06:47:37+00:00\",\"dateModified\":\"2025-09-12T13:55:20+00:00\",\"description\":\"Referenzen aus den Bereichen Umweltplanung, Kartographie und Journalismus.\",\"breadcrumb\":{\"@id\":\"https:\/\/heartographix.de\/?page_id=24#breadcrumb\"},\"inLanguage\":\"de\",\"potentialAction\":[{\"@type\":\"ReadAction\",\"target\":[\"https:\/\/heartographix.de\/?page_id=24\"]}]},{\"@type\":\"BreadcrumbList\",\"@id\":\"https:\/\/heartographix.de\/?page_id=24#breadcrumb\",\"itemListElement\":[{\"@type\":\"ListItem\",\"position\":1,\"name\":\"Projekte\"}]}]}<\/script>\n<!-- \/ Yoast SEO plugin. -->","yoast_head_json":{"description":"Referenzen aus den Bereichen Umweltplanung, Kartographie und Journalismus.","robots":{"index":"index","follow":"follow","max-snippet":"max-snippet:-1","max-image-preview":"max-image-preview:large","max-video-preview":"max-video-preview:-1"},"canonical":"https:\/\/heartographix.de\/?page_id=24","og_locale":"de_DE","og_type":"article","og_title":"Referenzen","og_description":"Referenzen aus den Bereichen Umweltplanung, Kartographie und Journalismus.","og_url":"https:\/\/heartographix.de\/?page_id=24","og_site_name":"Heartographix","article_modified_time":"2025-09-12T13:55:20+00:00","twitter_misc":{"Gesch\u00e4tzte Lesezeit":"7\u00a0Minuten"},"schema":{"@context":"https:\/\/schema.org","@graph":[{"@type":"WebSite","@id":"https:\/\/heartographix.de\/#website","url":"https:\/\/heartographix.de\/","name":"Heartographix","description":"Geographiken, Umweltgutachten &amp; Textgestaltung","potentialAction":[{"@type":"SearchAction","target":{"@type":"EntryPoint","urlTemplate":"https:\/\/heartographix.de\/?s={search_term_string}"},"query-input":"required name=search_term_string"}],"inLanguage":"de"},{"@type":"WebPage","@id":"https:\/\/heartographix.de\/?page_id=24#webpage","url":"https:\/\/heartographix.de\/?page_id=24","name":"Referenzen","isPartOf":{"@id":"https:\/\/heartographix.de\/#website"},"datePublished":"2013-03-01T06:47:37+00:00","dateModified":"2025-09-12T13:55:20+00:00","description":"Referenzen aus den Bereichen Umweltplanung, Kartographie und Journalismus.","breadcrumb":{"@id":"https:\/\/heartographix.de\/?page_id=24#breadcrumb"},"inLanguage":"de","potentialAction":[{"@type":"ReadAction","target":["https:\/\/heartographix.de\/?page_id=24"]}]},{"@type":"BreadcrumbList","@id":"https:\/\/heartographix.de\/?page_id=24#breadcrumb","itemListElement":[{"@type":"ListItem","position":1,"name":"Projekte"}]}]}},"_links":{"self":[{"href":"https:\/\/heartographix.de\/index.php?rest_route=\/wp\/v2\/pages\/24"}],"collection":[{"href":"https:\/\/heartographix.de\/index.php?rest_route=\/wp\/v2\/pages"}],"about":[{"href":"https:\/\/heartographix.de\/index.php?rest_route=\/wp\/v2\/types\/page"}],"author":[{"embeddable":true,"href":"https:\/\/heartographix.de\/index.php?rest_route=\/wp\/v2\/users\/1"}],"replies":[{"embeddable":true,"href":"https:\/\/heartographix.de\/index.php?rest_route=%2Fwp%2Fv2%2Fcomments&post=24"}],"version-history":[{"count":98,"href":"https:\/\/heartographix.de\/index.php?rest_route=\/wp\/v2\/pages\/24\/revisions"}],"predecessor-version":[{"id":314,"href":"https:\/\/heartographix.de\/index.php?rest_route=\/wp\/v2\/pages\/24\/revisions\/314"}],"wp:attachment":[{"href":"https:\/\/heartographix.de\/index.php?rest_route=%2Fwp%2Fv2%2Fmedia&parent=24"}],"curies":[{"name":"wp","href":"https:\/\/api.w.org\/{rel}","templated":true}]}}