{"id":2,"date":"2011-12-28T11:59:57","date_gmt":"2011-12-28T11:59:57","guid":{"rendered":"http:\/\/heartographix.de\/wordpress\/?page_id=2"},"modified":"2022-02-10T21:05:30","modified_gmt":"2022-02-10T21:05:30","slug":"beispiel-seite","status":"publish","type":"page","link":"https:\/\/heartographix.de\/","title":{"rendered":"Titel"},"content":{"rendered":"<p style=\"text-align: center;\">Geographers never get lost.<\/p>\n<p style=\"text-align: center;\">They just do accidental field work.<\/p>\n<pre style=\"text-align: center;\">(Quote by Nicholas Chrisman)<\/pre>\n","protected":false},"excerpt":{"rendered":"<p>Geographers never get lost. They just do accidental field work. (Quote by Nicholas Chrisman)<\/p>\n","protected":false},"author":1,"featured_media":0,"parent":0,"menu_order":0,"comment_status":"closed","ping_status":"closed","template":"","meta":[],"yoast_head":"<!-- This site is optimized with the Yoast SEO plugin v18.1 - https:\/\/yoast.com\/wordpress\/plugins\/seo\/ -->\n<meta name=\"description\" content=\"Heartographix - das B\u00fcro f\u00fcr modernes Kartendesign, wissenschaftlich fundierte Umweltgutachten und Textredaktion in N\u00fcrnberg.\" \/>\n<meta name=\"robots\" content=\"index, follow, max-snippet:-1, max-image-preview:large, max-video-preview:-1\" \/>\n<link rel=\"canonical\" href=\"https:\/\/heartographix.de\/\" \/>\n<meta property=\"og:locale\" content=\"de_DE\" \/>\n<meta property=\"og:type\" content=\"article\" \/>\n<meta property=\"og:title\" content=\"Heartographix - B\u00fcro f\u00fcr Geographiken, Umweltgutachten und Textdesign.\" \/>\n<meta property=\"og:description\" content=\"Heartographix - das B\u00fcro f\u00fcr modernes Kartendesign, wissenschaftlich fundierte Umweltgutachten und Textredaktion in N\u00fcrnberg.\" \/>\n<meta property=\"og:url\" content=\"https:\/\/heartographix.de\/\" \/>\n<meta property=\"og:site_name\" content=\"Heartographix\" \/>\n<meta property=\"article:modified_time\" content=\"2022-02-10T21:05:30+00:00\" \/>\n<script type=\"application\/ld+json\" class=\"yoast-schema-graph\">{\"@context\":\"https:\/\/schema.org\",\"@graph\":[{\"@type\":\"WebSite\",\"@id\":\"https:\/\/heartographix.de\/#website\",\"url\":\"https:\/\/heartographix.de\/\",\"name\":\"Heartographix\",\"description\":\"Geographiken, Umweltgutachten &amp; Textgestaltung\",\"potentialAction\":[{\"@type\":\"SearchAction\",\"target\":{\"@type\":\"EntryPoint\",\"urlTemplate\":\"https:\/\/heartographix.de\/?s={search_term_string}\"},\"query-input\":\"required name=search_term_string\"}],\"inLanguage\":\"de\"},{\"@type\":\"WebPage\",\"@id\":\"https:\/\/heartographix.de\/#webpage\",\"url\":\"https:\/\/heartographix.de\/\",\"name\":\"Heartographix - B\u00fcro f\u00fcr Geographiken, Umweltgutachten und Textdesign.\",\"isPartOf\":{\"@id\":\"https:\/\/heartographix.de\/#website\"},\"datePublished\":\"2011-12-28T11:59:57+00:00\",\"dateModified\":\"2022-02-10T21:05:30+00:00\",\"description\":\"Heartographix - das B\u00fcro f\u00fcr modernes Kartendesign, wissenschaftlich fundierte Umweltgutachten und Textredaktion in N\u00fcrnberg.\",\"breadcrumb\":{\"@id\":\"https:\/\/heartographix.de\/#breadcrumb\"},\"inLanguage\":\"de\",\"potentialAction\":[{\"@type\":\"ReadAction\",\"target\":[\"https:\/\/heartographix.de\/\"]}]},{\"@type\":\"BreadcrumbList\",\"@id\":\"https:\/\/heartographix.de\/#breadcrumb\",\"itemListElement\":[{\"@type\":\"ListItem\",\"position\":1,\"name\":\"Titel\"}]}]}<\/script>\n<!-- \/ Yoast SEO plugin. -->","yoast_head_json":{"description":"Heartographix - das B\u00fcro f\u00fcr modernes Kartendesign, wissenschaftlich fundierte Umweltgutachten und Textredaktion in N\u00fcrnberg.","robots":{"index":"index","follow":"follow","max-snippet":"max-snippet:-1","max-image-preview":"max-image-preview:large","max-video-preview":"max-video-preview:-1"},"canonical":"https:\/\/heartographix.de\/","og_locale":"de_DE","og_type":"article","og_title":"Heartographix - B\u00fcro f\u00fcr Geographiken, Umweltgutachten und Textdesign.","og_description":"Heartographix - das B\u00fcro f\u00fcr modernes Kartendesign, wissenschaftlich fundierte Umweltgutachten und Textredaktion in N\u00fcrnberg.","og_url":"https:\/\/heartographix.de\/","og_site_name":"Heartographix","article_modified_time":"2022-02-10T21:05:30+00:00","schema":{"@context":"https:\/\/schema.org","@graph":[{"@type":"WebSite","@id":"https:\/\/heartographix.de\/#website","url":"https:\/\/heartographix.de\/","name":"Heartographix","description":"Geographiken, Umweltgutachten &amp; Textgestaltung","potentialAction":[{"@type":"SearchAction","target":{"@type":"EntryPoint","urlTemplate":"https:\/\/heartographix.de\/?s={search_term_string}"},"query-input":"required name=search_term_string"}],"inLanguage":"de"},{"@type":"WebPage","@id":"https:\/\/heartographix.de\/#webpage","url":"https:\/\/heartographix.de\/","name":"Heartographix - B\u00fcro f\u00fcr Geographiken, Umweltgutachten und Textdesign.","isPartOf":{"@id":"https:\/\/heartographix.de\/#website"},"datePublished":"2011-12-28T11:59:57+00:00","dateModified":"2022-02-10T21:05:30+00:00","description":"Heartographix - das B\u00fcro f\u00fcr modernes Kartendesign, wissenschaftlich fundierte Umweltgutachten und Textredaktion in N\u00fcrnberg.","breadcrumb":{"@id":"https:\/\/heartographix.de\/#breadcrumb"},"inLanguage":"de","potentialAction":[{"@type":"ReadAction","target":["https:\/\/heartographix.de\/"]}]},{"@type":"BreadcrumbList","@id":"https:\/\/heartographix.de\/#breadcrumb","itemListElement":[{"@type":"ListItem","position":1,"name":"Titel"}]}]}},"_links":{"self":[{"href":"https:\/\/heartographix.de\/index.php?rest_route=\/wp\/v2\/pages\/2"}],"collection":[{"href":"https:\/\/heartographix.de\/index.php?rest_route=\/wp\/v2\/pages"}],"about":[{"href":"https:\/\/heartographix.de\/index.php?rest_route=\/wp\/v2\/types\/page"}],"author":[{"embeddable":true,"href":"https:\/\/heartographix.de\/index.php?rest_route=\/wp\/v2\/users\/1"}],"replies":[{"embeddable":true,"href":"https:\/\/heartographix.de\/index.php?rest_route=%2Fwp%2Fv2%2Fcomments&post=2"}],"version-history":[{"count":16,"href":"https:\/\/heartographix.de\/index.php?rest_route=\/wp\/v2\/pages\/2\/revisions"}],"predecessor-version":[{"id":254,"href":"https:\/\/heartographix.de\/index.php?rest_route=\/wp\/v2\/pages\/2\/revisions\/254"}],"wp:attachment":[{"href":"https:\/\/heartographix.de\/index.php?rest_route=%2Fwp%2Fv2%2Fmedia&parent=2"}],"curies":[{"name":"wp","href":"https:\/\/api.w.org\/{rel}","templated":true}]}}